{"id":141,"date":"2022-07-26T13:37:27","date_gmt":"2022-07-26T13:37:27","guid":{"rendered":"http:\/\/dnmrul.es\/tebeotecario\/?page_id=141"},"modified":"2022-07-26T13:41:46","modified_gmt":"2022-07-26T13:41:46","slug":"enlaces","status":"publish","type":"page","link":"https:\/\/dnmrul.es\/tebeotecario\/index.php\/enlaces\/","title":{"rendered":"Enlaces"},"content":{"rendered":"<ul>\n<li><a href=\"https:\/\/unsapodeletras.blogspot.com\/\">Un sapo de letras<\/a><em><br \/>\nRe\u00fane art\u00edculos divulgativos con investigaciones hist\u00f3ricas sobre c\u00f3mic, principalmente espa\u00f1ol.\u00a0<\/em><\/li>\n<\/ul>\n<ul>\n<li><a href=\"https:\/\/tebeosfera.com\/\">Tebeosfera<\/a><br \/>\n<em>Cat\u00e1logo en l\u00ednea de c\u00f3mics publicados en Espa\u00f1a.<\/em><\/li>\n<\/ul>\n<ul>\n<li><a href=\"https:\/\/blog.adlo.es\/\">El Blog de ADLO!<\/a><br \/>\n<em>Contiene multitud de informaci\u00f3n de actualidad, hist\u00f3rica, period\u00edstica y an\u00e1lisis sobre c\u00f3mic, especialmente americano, de los \u00faltimos 25 a\u00f1os.\u00e7<\/em><\/li>\n<\/ul>\n<ul>\n<li><a href=\"https:\/\/www.lacarceldepapel.com\/\">La C\u00e1rcel de Papel<\/a><br \/>\n<em>Incluye el archivo hist\u00f3rico de publicaciones del blog personal de \u00c1lvaro Pons que recoge una exhaustiva perspectiva del c\u00f3mic en Espa\u00f1a durante las \u00faltimas d\u00e9cadas.\u00a0<\/em><\/li>\n<\/ul>\n<p>&nbsp;<\/p>\n","protected":false},"excerpt":{"rendered":"<p>Un sapo de letras Re\u00fane art\u00edculos divulgativos con investigaciones hist\u00f3ricas sobre c\u00f3mic, principalmente espa\u00f1ol.\u00a0 Tebeosfera Cat\u00e1logo en l\u00ednea de c\u00f3mics publicados en Espa\u00f1a. El Blog de ADLO! Contiene multitud de informaci\u00f3n de actualidad, hist\u00f3rica, period\u00edstica y an\u00e1lisis sobre c\u00f3mic, especialmente americano, de los \u00faltimos 25 a\u00f1os.\u00e7 La C\u00e1rcel de Papel Incluye el archivo hist\u00f3rico de&#8230;<a class=\"read-more-link button\" href=\"https:\/\/dnmrul.es\/tebeotecario\/index.php\/enlaces\/\">Read more<\/a><\/p>\n","protected":false},"author":1,"featured_media":0,"parent":0,"menu_order":0,"comment_status":"closed","ping_status":"closed","template":"","meta":{"footnotes":""},"class_list":["post-141","page","type-page","status-publish","hentry"],"_links":{"self":[{"href":"https:\/\/dnmrul.es\/tebeotecario\/index.php\/wp-json\/wp\/v2\/pages\/141","targetHints":{"allow":["GET"]}}],"collection":[{"href":"https:\/\/dnmrul.es\/tebeotecario\/index.php\/wp-json\/wp\/v2\/pages"}],"about":[{"href":"https:\/\/dnmrul.es\/tebeotecario\/index.php\/wp-json\/wp\/v2\/types\/page"}],"author":[{"embeddable":true,"href":"https:\/\/dnmrul.es\/tebeotecario\/index.php\/wp-json\/wp\/v2\/users\/1"}],"replies":[{"embeddable":true,"href":"https:\/\/dnmrul.es\/tebeotecario\/index.php\/wp-json\/wp\/v2\/comments?post=141"}],"version-history":[{"count":4,"href":"https:\/\/dnmrul.es\/tebeotecario\/index.php\/wp-json\/wp\/v2\/pages\/141\/revisions"}],"predecessor-version":[{"id":146,"href":"https:\/\/dnmrul.es\/tebeotecario\/index.php\/wp-json\/wp\/v2\/pages\/141\/revisions\/146"}],"wp:attachment":[{"href":"https:\/\/dnmrul.es\/tebeotecario\/index.php\/wp-json\/wp\/v2\/media?parent=141"}],"curies":[{"name":"wp","href":"https:\/\/api.w.org\/{rel}","templated":true}]}}