{"id":66,"date":"2022-07-22T09:12:21","date_gmt":"2022-07-22T09:12:21","guid":{"rendered":"http:\/\/dnmrul.es\/tebeotecario\/?page_id=66"},"modified":"2022-07-26T13:06:03","modified_gmt":"2022-07-26T13:06:03","slug":"tbotkbd","status":"publish","type":"page","link":"https:\/\/dnmrul.es\/tebeotecario\/index.php\/tbotkbd\/","title":{"rendered":"tbotkBD"},"content":{"rendered":"\r\n<p><a href=\"http:\/\/dnmrul.es\/spip\/spip.php?page=biblio\"><strong>tbotkBD<\/strong><\/a>\u00a0es una base de datos de registros bibliogr\u00e1ficos y res\u00famenes de art\u00edculos cient\u00edficos y publicaciones acad\u00e9micas sobre c\u00f3mic. En la actualidad se encuentra todav\u00eda en fase de pruebas y desarrollo, pero puede accederse a la versi\u00f3n beta <a href=\"http:\/\/dnmrul.es\/spip\/spip.php?page=biblio\">desde este enlace<\/a>.\u00a0Si encuentra cualquier problema en su funcionamiento, por favor, comun\u00edquelo a trav\u00e9s del formulario de <a href=\"http:\/\/dnmrul.es\/tebeotecario\/index.php\/contacto\/\">contacto<\/a>.\u00a0<\/p>\r\n<p><img loading=\"lazy\" decoding=\"async\" class=\"wp-image-120 aligncenter\" src=\"http:\/\/dnmrul.es\/tebeotecario\/wp-content\/uploads\/2022\/07\/tbotkbd.png\" alt=\"\" width=\"581\" height=\"399\" srcset=\"https:\/\/dnmrul.es\/tebeotecario\/wp-content\/uploads\/2022\/07\/tbotkbd.png 952w, https:\/\/dnmrul.es\/tebeotecario\/wp-content\/uploads\/2022\/07\/tbotkbd-300x206.png 300w, https:\/\/dnmrul.es\/tebeotecario\/wp-content\/uploads\/2022\/07\/tbotkbd-768x528.png 768w\" sizes=\"auto, (max-width: 581px) 100vw, 581px\" \/><\/p>\r\n<h3>Indexaci\u00f3n y contenidos<\/h3>\r\n<ul>\r\n<li>La actualizaci\u00f3n de nuevos registros se realiza semanalmente.\u00a0\u00a0<\/li>\r\n<li>Desde tbotkBD no se proporciona el texto completo de los art\u00edculos, estos se encuentran alojados en las webs de sus respectivos editores y sujetos a las condiciones de acceso y restricciones de derechos de autor correspondientes.<\/li>\r\n<li>Se est\u00e1n incluyendo tan solo trabajos recientes, pero tambi\u00e9n se incluyen publicaciones de manera retrospectiva en algunos casos. No se incluyen rese\u00f1as o entrevistas.\u00a0<\/li>\r\n<li>En la actualidad el selector de palabras clave utiliza las etiquetas incluidas en la publicaci\u00f3n de los propios art\u00edculos pero se est\u00e1 trabajando para mejorar el sistema de indexaci\u00f3n a trav\u00e9s de un tesauro de t\u00e9rminos espec\u00edficos de c\u00f3mic que pueda ser m\u00e1s \u00fatil para investigadores especializados.\u00a0<\/li>\r\n<li>En caso de detectar alg\u00fan error, omisi\u00f3n o querer solicitar la inclusi\u00f3n de publicaciones puede hacerlo a trav\u00e9s del formulario de <a href=\"http:\/\/dnmrul.es\/tebeotecario\/index.php\/contacto\/\">contacto<\/a>.<\/li>\r\n<\/ul>\r\n<h3>Utilizaci\u00f3n\u00a0<\/h3>\r\n<ul>\r\n<li>Para leer los res\u00famenes completos, haga clic en &#8220;Activar\/ocultar los detalles&#8221;.\u00a0<\/li>\r\n<li>Puede accederse al enlace directo a la web del editor donde se encuentra alojado el art\u00edculo a trav\u00e9s de los iconos <img loading=\"lazy\" decoding=\"async\" class=\"alignnone  wp-image-121\" src=\"http:\/\/dnmrul.es\/tebeotecario\/wp-content\/uploads\/2022\/07\/tbotkbola.png\" alt=\"\" width=\"28\" height=\"27\" \/> y <img loading=\"lazy\" decoding=\"async\" class=\"alignnone wp-image-122\" src=\"http:\/\/dnmrul.es\/tebeotecario\/wp-content\/uploads\/2022\/07\/tbotkflecha.png\" alt=\"\" width=\"29\" height=\"27\" \/>.<\/li>\r\n<li>Puede utilizar las facetas de la barra lateral derecha para filtrar su b\u00fasqueda, modificar a trav\u00e9s del selector de Estilo CSL el formato de la cita que se muestra o realizar una b\u00fasqueda libre con sus propios t\u00e9rminos, aunque de momento no permite la utilizaci\u00f3n de operadores complejos.\u00a0<\/li>\r\n<\/ul>\r\n<h3>Descarga de registros<\/h3>\r\n<p><img loading=\"lazy\" decoding=\"async\" class=\"size-full wp-image-123 aligncenter\" src=\"http:\/\/dnmrul.es\/tebeotecario\/wp-content\/uploads\/2022\/07\/tbotk-referencias.png\" alt=\"\" width=\"668\" height=\"317\" srcset=\"https:\/\/dnmrul.es\/tebeotecario\/wp-content\/uploads\/2022\/07\/tbotk-referencias.png 668w, https:\/\/dnmrul.es\/tebeotecario\/wp-content\/uploads\/2022\/07\/tbotk-referencias-300x142.png 300w\" sizes=\"auto, (max-width: 668px) 100vw, 668px\" \/><\/p>\r\n<ul>\r\n<li>Para descargar una referencia bibliogr\u00e1fica haga clic en &#8220;Activar\/ocultar los detalles&#8221; y a continuaci\u00f3n seleccione el formato de exportaci\u00f3n de entre los disponibles.\u00a0<\/li>\r\n<li>Tambi\u00e9n puede seleccionar varias referencias bibliogr\u00e1ficas de la p\u00e1gina principal o de una b\u00fasqueda marcando el recuadro y descargarlas desde el bot\u00f3n de exportaci\u00f3n situado en la parte inferior de la p\u00e1gina.\u00a0<\/li>\r\n<\/ul>\r\n<p>&nbsp;<\/p>\r\n<p>&nbsp;<\/p>\r\n","protected":false},"excerpt":{"rendered":"<p>tbotkBD\u00a0es una base de datos de registros bibliogr\u00e1ficos y res\u00famenes de art\u00edculos cient\u00edficos y publicaciones acad\u00e9micas sobre c\u00f3mic. En la actualidad se encuentra todav\u00eda en fase de pruebas y desarrollo, pero puede accederse a la versi\u00f3n beta desde este enlace.\u00a0Si encuentra cualquier problema en su funcionamiento, por favor, comun\u00edquelo a trav\u00e9s del formulario de contacto.\u00a0&#8230;<a class=\"read-more-link button\" href=\"https:\/\/dnmrul.es\/tebeotecario\/index.php\/tbotkbd\/\">Read more<\/a><\/p>\n","protected":false},"author":1,"featured_media":0,"parent":0,"menu_order":0,"comment_status":"closed","ping_status":"closed","template":"","meta":{"footnotes":""},"class_list":["post-66","page","type-page","status-publish","hentry"],"_links":{"self":[{"href":"https:\/\/dnmrul.es\/tebeotecario\/index.php\/wp-json\/wp\/v2\/pages\/66","targetHints":{"allow":["GET"]}}],"collection":[{"href":"https:\/\/dnmrul.es\/tebeotecario\/index.php\/wp-json\/wp\/v2\/pages"}],"about":[{"href":"https:\/\/dnmrul.es\/tebeotecario\/index.php\/wp-json\/wp\/v2\/types\/page"}],"author":[{"embeddable":true,"href":"https:\/\/dnmrul.es\/tebeotecario\/index.php\/wp-json\/wp\/v2\/users\/1"}],"replies":[{"embeddable":true,"href":"https:\/\/dnmrul.es\/tebeotecario\/index.php\/wp-json\/wp\/v2\/comments?post=66"}],"version-history":[{"count":7,"href":"https:\/\/dnmrul.es\/tebeotecario\/index.php\/wp-json\/wp\/v2\/pages\/66\/revisions"}],"predecessor-version":[{"id":133,"href":"https:\/\/dnmrul.es\/tebeotecario\/index.php\/wp-json\/wp\/v2\/pages\/66\/revisions\/133"}],"wp:attachment":[{"href":"https:\/\/dnmrul.es\/tebeotecario\/index.php\/wp-json\/wp\/v2\/media?parent=66"}],"curies":[{"name":"wp","href":"https:\/\/api.w.org\/{rel}","templated":true}]}}